{"id":5180,"date":"2026-02-19T16:50:38","date_gmt":"2026-02-19T16:50:38","guid":{"rendered":"https:\/\/www.hotelwindsortossa.es\/qui-som\/"},"modified":"2026-02-19T17:02:14","modified_gmt":"2026-02-19T17:02:14","slug":"qui-som","status":"publish","type":"page","link":"https:\/\/www.hotelwindsortossa.es\/ca\/qui-som\/","title":{"rendered":"Qui som?"},"content":{"rendered":"\t\t<div data-elementor-type=\"wp-page\" data-elementor-id=\"5180\" class=\"elementor elementor-5180 elementor-5169\" data-elementor-post-type=\"page\">\n\t\t\t\t<div class=\"elementor-element elementor-element-18bf7cf e-flex e-con-boxed e-con e-parent\" data-id=\"18bf7cf\" data-element_type=\"container\" data-e-type=\"container\">\n\t\t\t\t\t<div class=\"e-con-inner\">\n\t\t\t\t<div class=\"elementor-element elementor-element-fa2afb7 elementor-widget elementor-widget-heading\" data-id=\"fa2afb7\" data-element_type=\"widget\" data-e-type=\"widget\" data-widget_type=\"heading.default\">\n\t\t\t\t<div class=\"elementor-widget-container\">\n\t\t\t\t\t<h1 class=\"elementor-heading-title elementor-size-default\">Qui som?<\/h1>\t\t\t\t<\/div>\n\t\t\t\t<\/div>\n\t\t\t\t<div class=\"elementor-element elementor-element-e3a3fca elementor-widget elementor-widget-text-editor\" data-id=\"e3a3fca\" data-element_type=\"widget\" data-e-type=\"widget\" data-widget_type=\"text-editor.default\">\n\t\t\t\t<div class=\"elementor-widget-container\">\n\t\t\t\t\t\t\t\t\t<p>Som un hotel Adults Only de gesti\u00f3 100 % familiar, amb una traject\u00f2ria que s\u2019est\u00e9n al llarg de quatre generacions. Aquesta hist\u00f2ria ens ha perm\u00e8s evolucionar sense perdre l\u2019ess\u00e8ncia: un tracte proper, honest i cuidat fins al darrer detall.  <\/p>\t\t\t\t\t\t\t\t<\/div>\n\t\t\t\t<\/div>\n\t\t<div class=\"elementor-element elementor-element-2580c9b e-con-full e-flex e-con e-child\" data-id=\"2580c9b\" data-element_type=\"container\" data-e-type=\"container\">\n\t\t\t\t<div class=\"elementor-element elementor-element-175a99b elementor-widget__width-initial elementor-widget-tablet__width-initial elementor-widget-mobile__width-inherit elementor-widget elementor-widget-image\" data-id=\"175a99b\" data-element_type=\"widget\" data-e-type=\"widget\" data-widget_type=\"image.default\">\n\t\t\t\t<div class=\"elementor-widget-container\">\n\t\t\t\t\t\t\t\t\t\t\t\t\t\t\t<img fetchpriority=\"high\" decoding=\"async\" width=\"800\" height=\"802\" src=\"https:\/\/www.hotelwindsortossa.es\/wp-content\/uploads\/2026\/02\/img189-1.jpg\" class=\"attachment-large size-large wp-image-5178\" alt=\"\" srcset=\"https:\/\/www.hotelwindsortossa.es\/wp-content\/uploads\/2026\/02\/img189-1.jpg 1021w, https:\/\/www.hotelwindsortossa.es\/wp-content\/uploads\/2026\/02\/img189-1-300x300.jpg 300w, https:\/\/www.hotelwindsortossa.es\/wp-content\/uploads\/2026\/02\/img189-1-150x150.jpg 150w, https:\/\/www.hotelwindsortossa.es\/wp-content\/uploads\/2026\/02\/img189-1-768x770.jpg 768w\" sizes=\"(max-width: 800px) 100vw, 800px\" \/>\t\t\t\t\t\t\t\t\t\t\t\t\t\t\t<\/div>\n\t\t\t\t<\/div>\n\t\t\t\t<div class=\"elementor-element elementor-element-5f89c00 elementor-widget elementor-widget-text-editor\" data-id=\"5f89c00\" data-element_type=\"widget\" data-e-type=\"widget\" data-widget_type=\"text-editor.default\">\n\t\t\t\t<div class=\"elementor-widget-container\">\n\t\t\t\t\t\t\t\t\t<p>Mantenim el nom hist\u00f2ric que forma part de la identitat del poble i l\u2019acompanyem d\u2019un concepte actual, tranquil i elegant. Els espais est\u00e1n pensats per transmetre calma, amb una decoraci\u00f3 acurada, materials naturals i una atmosfera que convida a desconnectar. Aqu\u00ed, el luxe no \u00e9s ostent\u00f3s: \u00e9s sentir-se c\u00f2mode, escoltat i a gust.  <\/p><p>A l\u2019Hotel Windsor, els hostes no s\u00f3n nom\u00e9s clients, s\u00f3n part de la casa. Apostem per un servei personalitzat, basat en la proximitat, la qualitat i el treball en equip, on con\u00e8ixer els gustos de cada persona marca la difer\u00e8ncia. Tot plegat, amb un comprom\u00eds ferm amb la sostenibilitat i el respecte per l\u2019entorn, perqu\u00e8 creiem en una manera de fer conscient, humana i aut\u00e8ntica.  <\/p>\t\t\t\t\t\t\t\t<\/div>\n\t\t\t\t<\/div>\n\t\t\t\t<\/div>\n\t\t\t\t<div class=\"elementor-element elementor-element-4f88e2e elementor-widget elementor-widget-image\" data-id=\"4f88e2e\" data-element_type=\"widget\" data-e-type=\"widget\" data-widget_type=\"image.default\">\n\t\t\t\t<div class=\"elementor-widget-container\">\n\t\t\t\t\t\t\t\t\t\t\t\t\t\t\t<img decoding=\"async\" width=\"800\" height=\"359\" src=\"https:\/\/www.hotelwindsortossa.es\/wp-content\/uploads\/2026\/02\/img190-1024x459.jpg\" class=\"attachment-large size-large wp-image-5179\" alt=\"\" srcset=\"https:\/\/www.hotelwindsortossa.es\/wp-content\/uploads\/2026\/02\/img190-1024x459.jpg 1024w, https:\/\/www.hotelwindsortossa.es\/wp-content\/uploads\/2026\/02\/img190-300x135.jpg 300w, https:\/\/www.hotelwindsortossa.es\/wp-content\/uploads\/2026\/02\/img190-768x345.jpg 768w, https:\/\/www.hotelwindsortossa.es\/wp-content\/uploads\/2026\/02\/img190-1536x689.jpg 1536w, https:\/\/www.hotelwindsortossa.es\/wp-content\/uploads\/2026\/02\/img190.jpg 1950w\" sizes=\"(max-width: 800px) 100vw, 800px\" \/>\t\t\t\t\t\t\t\t\t\t\t\t\t\t\t<\/div>\n\t\t\t\t<\/div>\n\t\t\t\t\t<\/div>\n\t\t\t\t<\/div>\n\t\t\t\t<\/div>\n\t\t","protected":false},"excerpt":{"rendered":"<p>Qui som? Som un hotel Adults Only de gesti\u00f3 100 % familiar, amb una traject\u00f2ria que s\u2019est\u00e9n al llarg de quatre generacions. Aquesta hist\u00f2ria ens ha perm\u00e8s evolucionar sense perdre l\u2019ess\u00e8ncia: un tracte proper, honest i cuidat fins al darrer detall. Mantenim el nom hist\u00f2ric que forma part de la identitat del poble i l\u2019acompanyem [&hellip;]<\/p>\n","protected":false},"author":4,"featured_media":0,"parent":0,"menu_order":0,"comment_status":"closed","ping_status":"closed","template":"","meta":{"footnotes":""},"class_list":["post-5180","page","type-page","status-publish","hentry"],"yoast_head":"<!-- This site is optimized with the Yoast SEO plugin v26.9 - https:\/\/yoast.com\/product\/yoast-seo-wordpress\/ -->\r\n<title>Qui som? - Hotel Windsor Tossa de Mar - Adults Only +16<\/title>\r\n<meta name=\"robots\" content=\"index, follow, max-snippet:-1, max-image-preview:large, max-video-preview:-1\" \/>\r\n<link rel=\"canonical\" href=\"https:\/\/www.hotelwindsortossa.es\/ca\/qui-som\/\" \/>\r\n<meta property=\"og:locale\" content=\"ca_ES\" \/>\r\n<meta property=\"og:type\" content=\"article\" \/>\r\n<meta property=\"og:title\" content=\"Qui som? - Hotel Windsor Tossa de Mar - Adults Only +16\" \/>\r\n<meta property=\"og:description\" content=\"Qui som? Som un hotel Adults Only de gesti\u00f3 100 % familiar, amb una traject\u00f2ria que s\u2019est\u00e9n al llarg de quatre generacions. Aquesta hist\u00f2ria ens ha perm\u00e8s evolucionar sense perdre l\u2019ess\u00e8ncia: un tracte proper, honest i cuidat fins al darrer detall. Mantenim el nom hist\u00f2ric que forma part de la identitat del poble i l\u2019acompanyem [&hellip;]\" \/>\r\n<meta property=\"og:url\" content=\"https:\/\/www.hotelwindsortossa.es\/ca\/qui-som\/\" \/>\r\n<meta property=\"og:site_name\" content=\"Hotel Windsor Tossa de Mar - Adults Only +16\" \/>\r\n<meta property=\"article:modified_time\" content=\"2026-02-19T17:02:14+00:00\" \/>\r\n<meta property=\"og:image\" content=\"https:\/\/www.hotelwindsortossa.es\/wp-content\/uploads\/2026\/02\/img189-1.jpg\" \/>\r\n\t<meta property=\"og:image:width\" content=\"1021\" \/>\r\n\t<meta property=\"og:image:height\" content=\"1024\" \/>\r\n\t<meta property=\"og:image:type\" content=\"image\/jpeg\" \/>\r\n<meta name=\"twitter:card\" content=\"summary_large_image\" \/>\r\n<meta name=\"twitter:label1\" content=\"Temps estimat de lectura\" \/>\n\t<meta name=\"twitter:data1\" content=\"1 minut\" \/>\r\n<script type=\"application\/ld+json\" class=\"yoast-schema-graph\">{\"@context\":\"https:\/\/schema.org\",\"@graph\":[{\"@type\":\"WebPage\",\"@id\":\"https:\/\/www.hotelwindsortossa.es\/ca\/qui-som\/\",\"url\":\"https:\/\/www.hotelwindsortossa.es\/ca\/qui-som\/\",\"name\":\"Qui som? - Hotel Windsor Tossa de Mar - Adults Only +16\",\"isPartOf\":{\"@id\":\"https:\/\/www.hotelwindsortossa.es\/ca\/#website\"},\"primaryImageOfPage\":{\"@id\":\"https:\/\/www.hotelwindsortossa.es\/ca\/qui-som\/#primaryimage\"},\"image\":{\"@id\":\"https:\/\/www.hotelwindsortossa.es\/ca\/qui-som\/#primaryimage\"},\"thumbnailUrl\":\"https:\/\/www.hotelwindsortossa.es\/wp-content\/uploads\/2026\/02\/img189-1.jpg\",\"datePublished\":\"2026-02-19T16:50:38+00:00\",\"dateModified\":\"2026-02-19T17:02:14+00:00\",\"breadcrumb\":{\"@id\":\"https:\/\/www.hotelwindsortossa.es\/ca\/qui-som\/#breadcrumb\"},\"inLanguage\":\"ca\",\"potentialAction\":[{\"@type\":\"ReadAction\",\"target\":[\"https:\/\/www.hotelwindsortossa.es\/ca\/qui-som\/\"]}]},{\"@type\":\"ImageObject\",\"inLanguage\":\"ca\",\"@id\":\"https:\/\/www.hotelwindsortossa.es\/ca\/qui-som\/#primaryimage\",\"url\":\"https:\/\/www.hotelwindsortossa.es\/wp-content\/uploads\/2026\/02\/img189-1.jpg\",\"contentUrl\":\"https:\/\/www.hotelwindsortossa.es\/wp-content\/uploads\/2026\/02\/img189-1.jpg\"},{\"@type\":\"BreadcrumbList\",\"@id\":\"https:\/\/www.hotelwindsortossa.es\/ca\/qui-som\/#breadcrumb\",\"itemListElement\":[{\"@type\":\"ListItem\",\"position\":1,\"name\":\"Hotel Windsor Tossa\",\"item\":\"https:\/\/www.hotelwindsortossa.es\/ca\/inici\/\"},{\"@type\":\"ListItem\",\"position\":2,\"name\":\"Qui som?\"}]},{\"@type\":\"WebSite\",\"@id\":\"https:\/\/www.hotelwindsortossa.es\/ca\/#website\",\"url\":\"https:\/\/www.hotelwindsortossa.es\/ca\/\",\"name\":\"Hotel Windsor Tossa de Mar - Adults Only +16\",\"description\":\"Hotel en Tossa de Mar\",\"publisher\":{\"@id\":\"https:\/\/www.hotelwindsortossa.es\/ca\/#organization\"},\"potentialAction\":[{\"@type\":\"SearchAction\",\"target\":{\"@type\":\"EntryPoint\",\"urlTemplate\":\"https:\/\/www.hotelwindsortossa.es\/ca\/?s={search_term_string}\"},\"query-input\":{\"@type\":\"PropertyValueSpecification\",\"valueRequired\":true,\"valueName\":\"search_term_string\"}}],\"inLanguage\":\"ca\"},{\"@type\":\"Organization\",\"@id\":\"https:\/\/www.hotelwindsortossa.es\/ca\/#organization\",\"name\":\"Hotel Windsor Tossa de Mar - Adults Only +16\",\"url\":\"https:\/\/www.hotelwindsortossa.es\/ca\/\",\"logo\":{\"@type\":\"ImageObject\",\"inLanguage\":\"ca\",\"@id\":\"https:\/\/www.hotelwindsortossa.es\/ca\/#\/schema\/logo\/image\/\",\"url\":\"https:\/\/www.hotelwindsortossa.es\/wp-content\/uploads\/2025\/05\/HotelWindsor15_Tossa-de-Mar_BLANCO.png\",\"contentUrl\":\"https:\/\/www.hotelwindsortossa.es\/wp-content\/uploads\/2025\/05\/HotelWindsor15_Tossa-de-Mar_BLANCO.png\",\"width\":969,\"height\":417,\"caption\":\"Hotel Windsor Tossa de Mar - Adults Only +16\"},\"image\":{\"@id\":\"https:\/\/www.hotelwindsortossa.es\/ca\/#\/schema\/logo\/image\/\"}}]}<\/script>\r\n<!-- \/ Yoast SEO plugin. -->","yoast_head_json":{"title":"Qui som? - Hotel Windsor Tossa de Mar - Adults Only +16","robots":{"index":"index","follow":"follow","max-snippet":"max-snippet:-1","max-image-preview":"max-image-preview:large","max-video-preview":"max-video-preview:-1"},"canonical":"https:\/\/www.hotelwindsortossa.es\/ca\/qui-som\/","og_locale":"ca_ES","og_type":"article","og_title":"Qui som? - Hotel Windsor Tossa de Mar - Adults Only +16","og_description":"Qui som? Som un hotel Adults Only de gesti\u00f3 100 % familiar, amb una traject\u00f2ria que s\u2019est\u00e9n al llarg de quatre generacions. Aquesta hist\u00f2ria ens ha perm\u00e8s evolucionar sense perdre l\u2019ess\u00e8ncia: un tracte proper, honest i cuidat fins al darrer detall. Mantenim el nom hist\u00f2ric que forma part de la identitat del poble i l\u2019acompanyem [&hellip;]","og_url":"https:\/\/www.hotelwindsortossa.es\/ca\/qui-som\/","og_site_name":"Hotel Windsor Tossa de Mar - Adults Only +16","article_modified_time":"2026-02-19T17:02:14+00:00","og_image":[{"width":1021,"height":1024,"url":"https:\/\/www.hotelwindsortossa.es\/wp-content\/uploads\/2026\/02\/img189-1.jpg","type":"image\/jpeg"}],"twitter_card":"summary_large_image","twitter_misc":{"Temps estimat de lectura":"1 minut"},"schema":{"@context":"https:\/\/schema.org","@graph":[{"@type":"WebPage","@id":"https:\/\/www.hotelwindsortossa.es\/ca\/qui-som\/","url":"https:\/\/www.hotelwindsortossa.es\/ca\/qui-som\/","name":"Qui som? - Hotel Windsor Tossa de Mar - Adults Only +16","isPartOf":{"@id":"https:\/\/www.hotelwindsortossa.es\/ca\/#website"},"primaryImageOfPage":{"@id":"https:\/\/www.hotelwindsortossa.es\/ca\/qui-som\/#primaryimage"},"image":{"@id":"https:\/\/www.hotelwindsortossa.es\/ca\/qui-som\/#primaryimage"},"thumbnailUrl":"https:\/\/www.hotelwindsortossa.es\/wp-content\/uploads\/2026\/02\/img189-1.jpg","datePublished":"2026-02-19T16:50:38+00:00","dateModified":"2026-02-19T17:02:14+00:00","breadcrumb":{"@id":"https:\/\/www.hotelwindsortossa.es\/ca\/qui-som\/#breadcrumb"},"inLanguage":"ca","potentialAction":[{"@type":"ReadAction","target":["https:\/\/www.hotelwindsortossa.es\/ca\/qui-som\/"]}]},{"@type":"ImageObject","inLanguage":"ca","@id":"https:\/\/www.hotelwindsortossa.es\/ca\/qui-som\/#primaryimage","url":"https:\/\/www.hotelwindsortossa.es\/wp-content\/uploads\/2026\/02\/img189-1.jpg","contentUrl":"https:\/\/www.hotelwindsortossa.es\/wp-content\/uploads\/2026\/02\/img189-1.jpg"},{"@type":"BreadcrumbList","@id":"https:\/\/www.hotelwindsortossa.es\/ca\/qui-som\/#breadcrumb","itemListElement":[{"@type":"ListItem","position":1,"name":"Hotel Windsor Tossa","item":"https:\/\/www.hotelwindsortossa.es\/ca\/inici\/"},{"@type":"ListItem","position":2,"name":"Qui som?"}]},{"@type":"WebSite","@id":"https:\/\/www.hotelwindsortossa.es\/ca\/#website","url":"https:\/\/www.hotelwindsortossa.es\/ca\/","name":"Hotel Windsor Tossa de Mar - Adults Only +16","description":"Hotel en Tossa de Mar","publisher":{"@id":"https:\/\/www.hotelwindsortossa.es\/ca\/#organization"},"potentialAction":[{"@type":"SearchAction","target":{"@type":"EntryPoint","urlTemplate":"https:\/\/www.hotelwindsortossa.es\/ca\/?s={search_term_string}"},"query-input":{"@type":"PropertyValueSpecification","valueRequired":true,"valueName":"search_term_string"}}],"inLanguage":"ca"},{"@type":"Organization","@id":"https:\/\/www.hotelwindsortossa.es\/ca\/#organization","name":"Hotel Windsor Tossa de Mar - Adults Only +16","url":"https:\/\/www.hotelwindsortossa.es\/ca\/","logo":{"@type":"ImageObject","inLanguage":"ca","@id":"https:\/\/www.hotelwindsortossa.es\/ca\/#\/schema\/logo\/image\/","url":"https:\/\/www.hotelwindsortossa.es\/wp-content\/uploads\/2025\/05\/HotelWindsor15_Tossa-de-Mar_BLANCO.png","contentUrl":"https:\/\/www.hotelwindsortossa.es\/wp-content\/uploads\/2025\/05\/HotelWindsor15_Tossa-de-Mar_BLANCO.png","width":969,"height":417,"caption":"Hotel Windsor Tossa de Mar - Adults Only +16"},"image":{"@id":"https:\/\/www.hotelwindsortossa.es\/ca\/#\/schema\/logo\/image\/"}}]}},"_links":{"self":[{"href":"https:\/\/www.hotelwindsortossa.es\/ca\/wp-json\/wp\/v2\/pages\/5180","targetHints":{"allow":["GET"]}}],"collection":[{"href":"https:\/\/www.hotelwindsortossa.es\/ca\/wp-json\/wp\/v2\/pages"}],"about":[{"href":"https:\/\/www.hotelwindsortossa.es\/ca\/wp-json\/wp\/v2\/types\/page"}],"author":[{"embeddable":true,"href":"https:\/\/www.hotelwindsortossa.es\/ca\/wp-json\/wp\/v2\/users\/4"}],"replies":[{"embeddable":true,"href":"https:\/\/www.hotelwindsortossa.es\/ca\/wp-json\/wp\/v2\/comments?post=5180"}],"version-history":[{"count":1,"href":"https:\/\/www.hotelwindsortossa.es\/ca\/wp-json\/wp\/v2\/pages\/5180\/revisions"}],"predecessor-version":[{"id":5181,"href":"https:\/\/www.hotelwindsortossa.es\/ca\/wp-json\/wp\/v2\/pages\/5180\/revisions\/5181"}],"wp:attachment":[{"href":"https:\/\/www.hotelwindsortossa.es\/ca\/wp-json\/wp\/v2\/media?parent=5180"}],"curies":[{"name":"wp","href":"https:\/\/api.w.org\/{rel}","templated":true}]}}