{"id":5192,"date":"2026-02-19T16:50:38","date_gmt":"2026-02-19T16:50:38","guid":{"rendered":"https:\/\/www.hotelwindsortossa.es\/wer-sind-wir\/"},"modified":"2026-02-19T17:04:02","modified_gmt":"2026-02-19T17:04:02","slug":"wer-sind-wir","status":"publish","type":"page","link":"https:\/\/www.hotelwindsortossa.es\/de\/wer-sind-wir\/","title":{"rendered":"Wer sind wir?"},"content":{"rendered":"\t\t<div data-elementor-type=\"wp-page\" data-elementor-id=\"5192\" class=\"elementor elementor-5192 elementor-5169\" data-elementor-post-type=\"page\">\n\t\t\t\t<div class=\"elementor-element elementor-element-18bf7cf e-flex e-con-boxed e-con e-parent\" data-id=\"18bf7cf\" data-element_type=\"container\" data-e-type=\"container\">\n\t\t\t\t\t<div class=\"e-con-inner\">\n\t\t\t\t<div class=\"elementor-element elementor-element-fa2afb7 elementor-widget elementor-widget-heading\" data-id=\"fa2afb7\" data-element_type=\"widget\" data-e-type=\"widget\" data-widget_type=\"heading.default\">\n\t\t\t\t<div class=\"elementor-widget-container\">\n\t\t\t\t\t<h1 class=\"elementor-heading-title elementor-size-default\">Wer sind wir?<\/h1>\t\t\t\t<\/div>\n\t\t\t\t<\/div>\n\t\t\t\t<div class=\"elementor-element elementor-element-e3a3fca elementor-widget elementor-widget-text-editor\" data-id=\"e3a3fca\" data-element_type=\"widget\" data-e-type=\"widget\" data-widget_type=\"text-editor.default\">\n\t\t\t\t<div class=\"elementor-widget-container\">\n\t\t\t\t\t\t\t\t\t<p>Das Hotel Windsor ist mehr als nur eine Unterkunft: Es ist ein intimes und gem\u00fctliches Erlebnis im Herzen von Tossa de Mar. Wir sind ein Adults Only Hotel, das zu 100 % familiengef\u00fchrt ist und auf eine vier Generationen lange Geschichte zur\u00fcckblicken kann. Diese Geschichte hat es uns erm\u00f6glicht, uns weiterzuentwickeln, ohne dabei unser Wesen zu verlieren: einen freundlichen, ehrlichen und bis ins kleinste Detail gepflegten Service.  <\/p>\t\t\t\t\t\t\t\t<\/div>\n\t\t\t\t<\/div>\n\t\t<div class=\"elementor-element elementor-element-2580c9b e-con-full e-flex e-con e-child\" data-id=\"2580c9b\" data-element_type=\"container\" data-e-type=\"container\">\n\t\t\t\t<div class=\"elementor-element elementor-element-175a99b elementor-widget__width-initial elementor-widget-tablet__width-initial elementor-widget-mobile__width-inherit elementor-widget elementor-widget-image\" data-id=\"175a99b\" data-element_type=\"widget\" data-e-type=\"widget\" data-widget_type=\"image.default\">\n\t\t\t\t<div class=\"elementor-widget-container\">\n\t\t\t\t\t\t\t\t\t\t\t\t\t\t\t<img fetchpriority=\"high\" decoding=\"async\" width=\"800\" height=\"802\" src=\"https:\/\/www.hotelwindsortossa.es\/wp-content\/uploads\/2026\/02\/img189-1.jpg\" class=\"attachment-large size-large wp-image-5190\" alt=\"\" srcset=\"https:\/\/www.hotelwindsortossa.es\/wp-content\/uploads\/2026\/02\/img189-1.jpg 1021w, https:\/\/www.hotelwindsortossa.es\/wp-content\/uploads\/2026\/02\/img189-1-300x300.jpg 300w, https:\/\/www.hotelwindsortossa.es\/wp-content\/uploads\/2026\/02\/img189-1-150x150.jpg 150w, https:\/\/www.hotelwindsortossa.es\/wp-content\/uploads\/2026\/02\/img189-1-768x770.jpg 768w\" sizes=\"(max-width: 800px) 100vw, 800px\" \/>\t\t\t\t\t\t\t\t\t\t\t\t\t\t\t<\/div>\n\t\t\t\t<\/div>\n\t\t\t\t<div class=\"elementor-element elementor-element-5f89c00 elementor-widget elementor-widget-text-editor\" data-id=\"5f89c00\" data-element_type=\"widget\" data-e-type=\"widget\" data-widget_type=\"text-editor.default\">\n\t\t\t\t<div class=\"elementor-widget-container\">\n\t\t\t\t\t\t\t\t\t<p>Wir behalten den historischen Namen, der Teil der Identit\u00e4t des Dorfes ist, und verbinden ihn mit einem modernen, ruhigen und eleganten Konzept. Die R\u00e4umlichkeiten sind so gestaltet, dass sie Ruhe ausstrahlen, mit einer gepflegten Einrichtung, nat\u00fcrlichen Materialien und einer Atmosph\u00e4re, die zum Abschalten einl\u00e4dt. Hier ist Luxus nicht protzig: Es geht darum, sich wohl, geh\u00f6rt und geborgen zu f\u00fchlen.  <\/p><p>Im Hotel Windsor sind die G\u00e4ste nicht nur Kunden, sie sind Teil des Hauses. Wir setzen auf einen pers\u00f6nlichen Service, der auf N\u00e4he, Qualit\u00e4t und Teamarbeit basiert, wobei es entscheidend ist, die Vorlieben jedes Einzelnen zu kennen. All dies mit einem festen Bekenntnis zu Nachhaltigkeit und Respekt vor der Umwelt, denn wir glauben an eine bewusste, menschliche und authentische Art, Dinge zu tun.  <\/p>\t\t\t\t\t\t\t\t<\/div>\n\t\t\t\t<\/div>\n\t\t\t\t<\/div>\n\t\t\t\t<div class=\"elementor-element elementor-element-4f88e2e elementor-widget elementor-widget-image\" data-id=\"4f88e2e\" data-element_type=\"widget\" data-e-type=\"widget\" data-widget_type=\"image.default\">\n\t\t\t\t<div class=\"elementor-widget-container\">\n\t\t\t\t\t\t\t\t\t\t\t\t\t\t\t<img decoding=\"async\" width=\"800\" height=\"359\" src=\"https:\/\/www.hotelwindsortossa.es\/wp-content\/uploads\/2026\/02\/img190-1024x459.jpg\" class=\"attachment-large size-large wp-image-5191\" alt=\"\" srcset=\"https:\/\/www.hotelwindsortossa.es\/wp-content\/uploads\/2026\/02\/img190-1024x459.jpg 1024w, https:\/\/www.hotelwindsortossa.es\/wp-content\/uploads\/2026\/02\/img190-300x135.jpg 300w, https:\/\/www.hotelwindsortossa.es\/wp-content\/uploads\/2026\/02\/img190-768x345.jpg 768w, https:\/\/www.hotelwindsortossa.es\/wp-content\/uploads\/2026\/02\/img190-1536x689.jpg 1536w, https:\/\/www.hotelwindsortossa.es\/wp-content\/uploads\/2026\/02\/img190.jpg 1950w\" sizes=\"(max-width: 800px) 100vw, 800px\" \/>\t\t\t\t\t\t\t\t\t\t\t\t\t\t\t<\/div>\n\t\t\t\t<\/div>\n\t\t\t\t\t<\/div>\n\t\t\t\t<\/div>\n\t\t\t\t<\/div>\n\t\t","protected":false},"excerpt":{"rendered":"<p>Wer sind wir? Das Hotel Windsor ist mehr als nur eine Unterkunft: Es ist ein intimes und gem\u00fctliches Erlebnis im Herzen von Tossa de Mar. Wir sind ein Adults Only Hotel, das zu 100 % familiengef\u00fchrt ist und auf eine vier Generationen lange Geschichte zur\u00fcckblicken kann. Diese Geschichte hat es uns erm\u00f6glicht, uns weiterzuentwickeln, ohne [&hellip;]<\/p>\n","protected":false},"author":4,"featured_media":0,"parent":0,"menu_order":0,"comment_status":"closed","ping_status":"closed","template":"","meta":{"footnotes":""},"class_list":["post-5192","page","type-page","status-publish","hentry"],"yoast_head":"<!-- This site is optimized with the Yoast SEO plugin v26.9 - https:\/\/yoast.com\/product\/yoast-seo-wordpress\/ -->\r\n<title>Wer sind wir? - Hotel Windsor Tossa de Mar - Adults Only +16<\/title>\r\n<meta name=\"robots\" content=\"index, follow, max-snippet:-1, max-image-preview:large, max-video-preview:-1\" \/>\r\n<link rel=\"canonical\" href=\"https:\/\/www.hotelwindsortossa.es\/de\/wer-sind-wir\/\" \/>\r\n<meta property=\"og:locale\" content=\"de_DE\" \/>\r\n<meta property=\"og:type\" content=\"article\" \/>\r\n<meta property=\"og:title\" content=\"Wer sind wir? - Hotel Windsor Tossa de Mar - Adults Only +16\" \/>\r\n<meta property=\"og:description\" content=\"Wer sind wir? Das Hotel Windsor ist mehr als nur eine Unterkunft: Es ist ein intimes und gem\u00fctliches Erlebnis im Herzen von Tossa de Mar. Wir sind ein Adults Only Hotel, das zu 100 % familiengef\u00fchrt ist und auf eine vier Generationen lange Geschichte zur\u00fcckblicken kann. Diese Geschichte hat es uns erm\u00f6glicht, uns weiterzuentwickeln, ohne [&hellip;]\" \/>\r\n<meta property=\"og:url\" content=\"https:\/\/www.hotelwindsortossa.es\/de\/wer-sind-wir\/\" \/>\r\n<meta property=\"og:site_name\" content=\"Hotel Windsor Tossa de Mar - Adults Only +16\" \/>\r\n<meta property=\"article:modified_time\" content=\"2026-02-19T17:04:02+00:00\" \/>\r\n<meta property=\"og:image\" content=\"https:\/\/www.hotelwindsortossa.es\/wp-content\/uploads\/2026\/02\/img189-1.jpg\" \/>\r\n\t<meta property=\"og:image:width\" content=\"1021\" \/>\r\n\t<meta property=\"og:image:height\" content=\"1024\" \/>\r\n\t<meta property=\"og:image:type\" content=\"image\/jpeg\" \/>\r\n<meta name=\"twitter:card\" content=\"summary_large_image\" \/>\r\n<meta name=\"twitter:label1\" content=\"Gesch\u00e4tzte Lesezeit\" \/>\n\t<meta name=\"twitter:data1\" content=\"1\u00a0Minute\" \/>\r\n<script type=\"application\/ld+json\" class=\"yoast-schema-graph\">{\"@context\":\"https:\/\/schema.org\",\"@graph\":[{\"@type\":\"WebPage\",\"@id\":\"https:\/\/www.hotelwindsortossa.es\/de\/wer-sind-wir\/\",\"url\":\"https:\/\/www.hotelwindsortossa.es\/de\/wer-sind-wir\/\",\"name\":\"Wer sind wir? - Hotel Windsor Tossa de Mar - Adults Only +16\",\"isPartOf\":{\"@id\":\"https:\/\/www.hotelwindsortossa.es\/de\/#website\"},\"primaryImageOfPage\":{\"@id\":\"https:\/\/www.hotelwindsortossa.es\/de\/wer-sind-wir\/#primaryimage\"},\"image\":{\"@id\":\"https:\/\/www.hotelwindsortossa.es\/de\/wer-sind-wir\/#primaryimage\"},\"thumbnailUrl\":\"https:\/\/www.hotelwindsortossa.es\/wp-content\/uploads\/2026\/02\/img189-1.jpg\",\"datePublished\":\"2026-02-19T16:50:38+00:00\",\"dateModified\":\"2026-02-19T17:04:02+00:00\",\"breadcrumb\":{\"@id\":\"https:\/\/www.hotelwindsortossa.es\/de\/wer-sind-wir\/#breadcrumb\"},\"inLanguage\":\"de\",\"potentialAction\":[{\"@type\":\"ReadAction\",\"target\":[\"https:\/\/www.hotelwindsortossa.es\/de\/wer-sind-wir\/\"]}]},{\"@type\":\"ImageObject\",\"inLanguage\":\"de\",\"@id\":\"https:\/\/www.hotelwindsortossa.es\/de\/wer-sind-wir\/#primaryimage\",\"url\":\"https:\/\/www.hotelwindsortossa.es\/wp-content\/uploads\/2026\/02\/img189-1.jpg\",\"contentUrl\":\"https:\/\/www.hotelwindsortossa.es\/wp-content\/uploads\/2026\/02\/img189-1.jpg\"},{\"@type\":\"BreadcrumbList\",\"@id\":\"https:\/\/www.hotelwindsortossa.es\/de\/wer-sind-wir\/#breadcrumb\",\"itemListElement\":[{\"@type\":\"ListItem\",\"position\":1,\"name\":\"Hotel Windsor Tossa\",\"item\":\"https:\/\/www.hotelwindsortossa.es\/de\/startseite\/\"},{\"@type\":\"ListItem\",\"position\":2,\"name\":\"Wer sind wir?\"}]},{\"@type\":\"WebSite\",\"@id\":\"https:\/\/www.hotelwindsortossa.es\/de\/#website\",\"url\":\"https:\/\/www.hotelwindsortossa.es\/de\/\",\"name\":\"Hotel Windsor Tossa de Mar - Adults Only +16\",\"description\":\"Hotel en Tossa de Mar\",\"publisher\":{\"@id\":\"https:\/\/www.hotelwindsortossa.es\/de\/#organization\"},\"potentialAction\":[{\"@type\":\"SearchAction\",\"target\":{\"@type\":\"EntryPoint\",\"urlTemplate\":\"https:\/\/www.hotelwindsortossa.es\/de\/?s={search_term_string}\"},\"query-input\":{\"@type\":\"PropertyValueSpecification\",\"valueRequired\":true,\"valueName\":\"search_term_string\"}}],\"inLanguage\":\"de\"},{\"@type\":\"Organization\",\"@id\":\"https:\/\/www.hotelwindsortossa.es\/de\/#organization\",\"name\":\"Hotel Windsor Tossa de Mar - Adults Only +16\",\"url\":\"https:\/\/www.hotelwindsortossa.es\/de\/\",\"logo\":{\"@type\":\"ImageObject\",\"inLanguage\":\"de\",\"@id\":\"https:\/\/www.hotelwindsortossa.es\/de\/#\/schema\/logo\/image\/\",\"url\":\"https:\/\/www.hotelwindsortossa.es\/wp-content\/uploads\/2025\/05\/HotelWindsor15_Tossa-de-Mar_BLANCO.png\",\"contentUrl\":\"https:\/\/www.hotelwindsortossa.es\/wp-content\/uploads\/2025\/05\/HotelWindsor15_Tossa-de-Mar_BLANCO.png\",\"width\":969,\"height\":417,\"caption\":\"Hotel Windsor Tossa de Mar - Adults Only +16\"},\"image\":{\"@id\":\"https:\/\/www.hotelwindsortossa.es\/de\/#\/schema\/logo\/image\/\"}}]}<\/script>\r\n<!-- \/ Yoast SEO plugin. -->","yoast_head_json":{"title":"Wer sind wir? - Hotel Windsor Tossa de Mar - Adults Only +16","robots":{"index":"index","follow":"follow","max-snippet":"max-snippet:-1","max-image-preview":"max-image-preview:large","max-video-preview":"max-video-preview:-1"},"canonical":"https:\/\/www.hotelwindsortossa.es\/de\/wer-sind-wir\/","og_locale":"de_DE","og_type":"article","og_title":"Wer sind wir? - Hotel Windsor Tossa de Mar - Adults Only +16","og_description":"Wer sind wir? Das Hotel Windsor ist mehr als nur eine Unterkunft: Es ist ein intimes und gem\u00fctliches Erlebnis im Herzen von Tossa de Mar. Wir sind ein Adults Only Hotel, das zu 100 % familiengef\u00fchrt ist und auf eine vier Generationen lange Geschichte zur\u00fcckblicken kann. Diese Geschichte hat es uns erm\u00f6glicht, uns weiterzuentwickeln, ohne [&hellip;]","og_url":"https:\/\/www.hotelwindsortossa.es\/de\/wer-sind-wir\/","og_site_name":"Hotel Windsor Tossa de Mar - Adults Only +16","article_modified_time":"2026-02-19T17:04:02+00:00","og_image":[{"width":1021,"height":1024,"url":"https:\/\/www.hotelwindsortossa.es\/wp-content\/uploads\/2026\/02\/img189-1.jpg","type":"image\/jpeg"}],"twitter_card":"summary_large_image","twitter_misc":{"Gesch\u00e4tzte Lesezeit":"1\u00a0Minute"},"schema":{"@context":"https:\/\/schema.org","@graph":[{"@type":"WebPage","@id":"https:\/\/www.hotelwindsortossa.es\/de\/wer-sind-wir\/","url":"https:\/\/www.hotelwindsortossa.es\/de\/wer-sind-wir\/","name":"Wer sind wir? - Hotel Windsor Tossa de Mar - Adults Only +16","isPartOf":{"@id":"https:\/\/www.hotelwindsortossa.es\/de\/#website"},"primaryImageOfPage":{"@id":"https:\/\/www.hotelwindsortossa.es\/de\/wer-sind-wir\/#primaryimage"},"image":{"@id":"https:\/\/www.hotelwindsortossa.es\/de\/wer-sind-wir\/#primaryimage"},"thumbnailUrl":"https:\/\/www.hotelwindsortossa.es\/wp-content\/uploads\/2026\/02\/img189-1.jpg","datePublished":"2026-02-19T16:50:38+00:00","dateModified":"2026-02-19T17:04:02+00:00","breadcrumb":{"@id":"https:\/\/www.hotelwindsortossa.es\/de\/wer-sind-wir\/#breadcrumb"},"inLanguage":"de","potentialAction":[{"@type":"ReadAction","target":["https:\/\/www.hotelwindsortossa.es\/de\/wer-sind-wir\/"]}]},{"@type":"ImageObject","inLanguage":"de","@id":"https:\/\/www.hotelwindsortossa.es\/de\/wer-sind-wir\/#primaryimage","url":"https:\/\/www.hotelwindsortossa.es\/wp-content\/uploads\/2026\/02\/img189-1.jpg","contentUrl":"https:\/\/www.hotelwindsortossa.es\/wp-content\/uploads\/2026\/02\/img189-1.jpg"},{"@type":"BreadcrumbList","@id":"https:\/\/www.hotelwindsortossa.es\/de\/wer-sind-wir\/#breadcrumb","itemListElement":[{"@type":"ListItem","position":1,"name":"Hotel Windsor Tossa","item":"https:\/\/www.hotelwindsortossa.es\/de\/startseite\/"},{"@type":"ListItem","position":2,"name":"Wer sind wir?"}]},{"@type":"WebSite","@id":"https:\/\/www.hotelwindsortossa.es\/de\/#website","url":"https:\/\/www.hotelwindsortossa.es\/de\/","name":"Hotel Windsor Tossa de Mar - Adults Only +16","description":"Hotel en Tossa de Mar","publisher":{"@id":"https:\/\/www.hotelwindsortossa.es\/de\/#organization"},"potentialAction":[{"@type":"SearchAction","target":{"@type":"EntryPoint","urlTemplate":"https:\/\/www.hotelwindsortossa.es\/de\/?s={search_term_string}"},"query-input":{"@type":"PropertyValueSpecification","valueRequired":true,"valueName":"search_term_string"}}],"inLanguage":"de"},{"@type":"Organization","@id":"https:\/\/www.hotelwindsortossa.es\/de\/#organization","name":"Hotel Windsor Tossa de Mar - Adults Only +16","url":"https:\/\/www.hotelwindsortossa.es\/de\/","logo":{"@type":"ImageObject","inLanguage":"de","@id":"https:\/\/www.hotelwindsortossa.es\/de\/#\/schema\/logo\/image\/","url":"https:\/\/www.hotelwindsortossa.es\/wp-content\/uploads\/2025\/05\/HotelWindsor15_Tossa-de-Mar_BLANCO.png","contentUrl":"https:\/\/www.hotelwindsortossa.es\/wp-content\/uploads\/2025\/05\/HotelWindsor15_Tossa-de-Mar_BLANCO.png","width":969,"height":417,"caption":"Hotel Windsor Tossa de Mar - Adults Only +16"},"image":{"@id":"https:\/\/www.hotelwindsortossa.es\/de\/#\/schema\/logo\/image\/"}}]}},"_links":{"self":[{"href":"https:\/\/www.hotelwindsortossa.es\/de\/wp-json\/wp\/v2\/pages\/5192","targetHints":{"allow":["GET"]}}],"collection":[{"href":"https:\/\/www.hotelwindsortossa.es\/de\/wp-json\/wp\/v2\/pages"}],"about":[{"href":"https:\/\/www.hotelwindsortossa.es\/de\/wp-json\/wp\/v2\/types\/page"}],"author":[{"embeddable":true,"href":"https:\/\/www.hotelwindsortossa.es\/de\/wp-json\/wp\/v2\/users\/4"}],"replies":[{"embeddable":true,"href":"https:\/\/www.hotelwindsortossa.es\/de\/wp-json\/wp\/v2\/comments?post=5192"}],"version-history":[{"count":1,"href":"https:\/\/www.hotelwindsortossa.es\/de\/wp-json\/wp\/v2\/pages\/5192\/revisions"}],"predecessor-version":[{"id":5193,"href":"https:\/\/www.hotelwindsortossa.es\/de\/wp-json\/wp\/v2\/pages\/5192\/revisions\/5193"}],"wp:attachment":[{"href":"https:\/\/www.hotelwindsortossa.es\/de\/wp-json\/wp\/v2\/media?parent=5192"}],"curies":[{"name":"wp","href":"https:\/\/api.w.org\/{rel}","templated":true}]}}