{"id":2592,"date":"2022-04-04T10:18:12","date_gmt":"2022-04-04T10:18:12","guid":{"rendered":"https:\/\/www.hotelwindsortossa.es\/contact\/"},"modified":"2026-02-27T10:15:08","modified_gmt":"2026-02-27T10:15:08","slug":"contact","status":"publish","type":"page","link":"https:\/\/www.hotelwindsortossa.es\/fr\/contact\/","title":{"rendered":"Contact"},"content":{"rendered":"\t\t<div data-elementor-type=\"wp-page\" data-elementor-id=\"2592\" class=\"elementor elementor-2592 elementor-1190\" data-elementor-post-type=\"page\">\n\t\t\t\t<div class=\"elementor-element elementor-element-6906abd e-flex e-con-boxed e-con e-parent\" data-id=\"6906abd\" data-element_type=\"container\" data-e-type=\"container\" data-settings=\"{&quot;background_background&quot;:&quot;classic&quot;}\">\n\t\t\t\t\t<div class=\"e-con-inner\">\n\t\t<div class=\"elementor-element elementor-element-8306a7b e-con-full e-flex e-con e-child\" data-id=\"8306a7b\" data-element_type=\"container\" data-e-type=\"container\">\n\t\t\t\t<div class=\"elementor-element elementor-element-d3455e9 elementor-widget elementor-widget-heading\" data-id=\"d3455e9\" data-element_type=\"widget\" data-e-type=\"widget\" data-widget_type=\"heading.default\">\n\t\t\t\t<div class=\"elementor-widget-container\">\n\t\t\t\t\t<h1 class=\"elementor-heading-title elementor-size-default\">Contact<\/h1>\t\t\t\t<\/div>\n\t\t\t\t<\/div>\n\t\t\t\t<\/div>\n\t\t\t\t\t<\/div>\n\t\t\t\t<\/div>\n\t\t<div class=\"elementor-element elementor-element-923616c e-flex e-con-boxed e-con e-parent\" data-id=\"923616c\" data-element_type=\"container\" data-e-type=\"container\" data-settings=\"{&quot;background_background&quot;:&quot;classic&quot;}\">\n\t\t\t\t\t<div class=\"e-con-inner\">\n\t\t<div class=\"elementor-element elementor-element-56aa935 e-con-full e-flex e-con e-child\" data-id=\"56aa935\" data-element_type=\"container\" data-e-type=\"container\" data-settings=\"{&quot;background_background&quot;:&quot;classic&quot;}\">\n\t\t\t\t<\/div>\n\t\t<div class=\"elementor-element elementor-element-c423f5f e-con-full e-flex e-con e-child\" data-id=\"c423f5f\" data-element_type=\"container\" data-e-type=\"container\">\n\t\t\t\t<div class=\"elementor-element elementor-element-a38e27e elementor-widget elementor-widget-html\" data-id=\"a38e27e\" data-element_type=\"widget\" data-e-type=\"widget\" data-widget_type=\"html.default\">\n\t\t\t\t<div class=\"elementor-widget-container\">\n\t\t\t\t\t<iframe src=\"https:\/\/www.google.com\/maps\/embed?pb=!1m14!1m8!1m3!1d3404.880831278827!2d2.9287744408531178!3d41.71984575650783!3m2!1i1024!2i768!4f13.1!3m3!1m2!1s0x12bb1006f2591193%3A0x7eb084283bb96a36!2sHotel%20Windsor%20Tossa%20-%20Adults%20Only%20%2B16!5e0!3m2!1ses!2ses!4v1772187064875!5m2!1ses!2ses\" width=\"100%\" height=\"450\" style=\"border:0;\" allowfullscreen=\"\" loading=\"lazy\" referrerpolicy=\"no-referrer-when-downgrade\"><\/iframe>\t\t\t\t<\/div>\n\t\t\t\t<\/div>\n\t\t\t\t<div class=\"elementor-element elementor-element-475522c elementor-widget elementor-widget-text-editor\" data-id=\"475522c\" data-element_type=\"widget\" data-e-type=\"widget\" data-widget_type=\"text-editor.default\">\n\t\t\t\t<div class=\"elementor-widget-container\">\n\t\t\t\t\t\t\t\t\t<p>Vous nous trouverez au<a style=\"text-decoration: underline;\" href=\"https:\/\/maps.app.goo.gl\/gYwa8qqo6F8RRayU9\" target=\"_blank\" rel=\"noopener\"> 26, rue Nou<\/a>, \u00e0 Tossa de Mar (G\u00e9rone), code postal 17320. Si vous avez besoin de nous contacter, vous pouvez nous appeler au <a style=\"text-decoration: underline;\" href=\"tel:+34972340186\">+34 972 340 186<\/a> ou nous \u00e9crire \u00e0 l\u2019adresse e-mail <a style=\"text-decoration: underline;\" href=\"mailto:info@hotelwindstossa.es\">info@hotelwindstossa.es<\/a>. <\/p>\t\t\t\t\t\t\t\t<\/div>\n\t\t\t\t<\/div>\n\t\t\t\t<\/div>\n\t\t\t\t\t<\/div>\n\t\t\t\t<\/div>\n\t\t\t\t<\/div>\n\t\t","protected":false},"excerpt":{"rendered":"<p>Contact Vous nous trouverez au 26, rue Nou, \u00e0 Tossa de Mar (G\u00e9rone), code postal 17320. Si vous avez besoin de nous contacter, vous pouvez nous appeler au +34 972 340 186 ou nous \u00e9crire \u00e0 l\u2019adresse e-mail info@hotelwindstossa.es.<\/p>\n","protected":false},"author":2,"featured_media":0,"parent":0,"menu_order":0,"comment_status":"closed","ping_status":"closed","template":"","meta":{"footnotes":""},"class_list":["post-2592","page","type-page","status-publish","hentry"],"yoast_head":"<!-- This site is optimized with the Yoast SEO plugin v26.9 - https:\/\/yoast.com\/product\/yoast-seo-wordpress\/ -->\r\n<title>Contact - Hotel Windsor Tossa de Mar - Adults Only +16<\/title>\r\n<meta name=\"description\" content=\"N&#039;h\u00e9sitez pas \u00e0 nous contacter pour toute question ou demande concernant l&#039;h\u00f4tel Windsor \u00e0 Tossa de Mar.\" \/>\r\n<meta name=\"robots\" content=\"index, follow, max-snippet:-1, max-image-preview:large, max-video-preview:-1\" \/>\r\n<link rel=\"canonical\" href=\"https:\/\/www.hotelwindsortossa.es\/fr\/contact\/\" \/>\r\n<meta property=\"og:locale\" content=\"fr_FR\" \/>\r\n<meta property=\"og:type\" content=\"article\" \/>\r\n<meta property=\"og:title\" content=\"Contact - Hotel Windsor Tossa de Mar - Adults Only +16\" \/>\r\n<meta property=\"og:description\" content=\"N&#039;h\u00e9sitez pas \u00e0 nous contacter pour toute question ou demande concernant l&#039;h\u00f4tel Windsor \u00e0 Tossa de Mar.\" \/>\r\n<meta property=\"og:url\" content=\"https:\/\/www.hotelwindsortossa.es\/fr\/contact\/\" \/>\r\n<meta property=\"og:site_name\" content=\"Hotel Windsor Tossa de Mar - Adults Only +16\" \/>\r\n<meta property=\"article:modified_time\" content=\"2026-02-27T10:15:08+00:00\" \/>\r\n<meta name=\"twitter:card\" content=\"summary_large_image\" \/>\r\n<script type=\"application\/ld+json\" class=\"yoast-schema-graph\">{\"@context\":\"https:\/\/schema.org\",\"@graph\":[{\"@type\":\"WebPage\",\"@id\":\"https:\/\/www.hotelwindsortossa.es\/fr\/contact\/\",\"url\":\"https:\/\/www.hotelwindsortossa.es\/fr\/contact\/\",\"name\":\"Contact - Hotel Windsor Tossa de Mar - Adults Only +16\",\"isPartOf\":{\"@id\":\"https:\/\/www.hotelwindsortossa.es\/fr\/#website\"},\"datePublished\":\"2022-04-04T10:18:12+00:00\",\"dateModified\":\"2026-02-27T10:15:08+00:00\",\"description\":\"N'h\u00e9sitez pas \u00e0 nous contacter pour toute question ou demande concernant l'h\u00f4tel Windsor \u00e0 Tossa de Mar.\",\"breadcrumb\":{\"@id\":\"https:\/\/www.hotelwindsortossa.es\/fr\/contact\/#breadcrumb\"},\"inLanguage\":\"fr-FR\",\"potentialAction\":[{\"@type\":\"ReadAction\",\"target\":[\"https:\/\/www.hotelwindsortossa.es\/fr\/contact\/\"]}]},{\"@type\":\"BreadcrumbList\",\"@id\":\"https:\/\/www.hotelwindsortossa.es\/fr\/contact\/#breadcrumb\",\"itemListElement\":[{\"@type\":\"ListItem\",\"position\":1,\"name\":\"Hotel Windsor Tossa\",\"item\":\"https:\/\/www.hotelwindsortossa.es\/fr\/accueil\/\"},{\"@type\":\"ListItem\",\"position\":2,\"name\":\"Contact\"}]},{\"@type\":\"WebSite\",\"@id\":\"https:\/\/www.hotelwindsortossa.es\/fr\/#website\",\"url\":\"https:\/\/www.hotelwindsortossa.es\/fr\/\",\"name\":\"Hotel Windsor Tossa de Mar - Adults Only +16\",\"description\":\"Hotel en Tossa de Mar\",\"publisher\":{\"@id\":\"https:\/\/www.hotelwindsortossa.es\/fr\/#organization\"},\"potentialAction\":[{\"@type\":\"SearchAction\",\"target\":{\"@type\":\"EntryPoint\",\"urlTemplate\":\"https:\/\/www.hotelwindsortossa.es\/fr\/?s={search_term_string}\"},\"query-input\":{\"@type\":\"PropertyValueSpecification\",\"valueRequired\":true,\"valueName\":\"search_term_string\"}}],\"inLanguage\":\"fr-FR\"},{\"@type\":\"Organization\",\"@id\":\"https:\/\/www.hotelwindsortossa.es\/fr\/#organization\",\"name\":\"Hotel Windsor Tossa de Mar - Adults Only +16\",\"url\":\"https:\/\/www.hotelwindsortossa.es\/fr\/\",\"logo\":{\"@type\":\"ImageObject\",\"inLanguage\":\"fr-FR\",\"@id\":\"https:\/\/www.hotelwindsortossa.es\/fr\/#\/schema\/logo\/image\/\",\"url\":\"https:\/\/www.hotelwindsortossa.es\/wp-content\/uploads\/2025\/05\/HotelWindsor15_Tossa-de-Mar_BLANCO.png\",\"contentUrl\":\"https:\/\/www.hotelwindsortossa.es\/wp-content\/uploads\/2025\/05\/HotelWindsor15_Tossa-de-Mar_BLANCO.png\",\"width\":969,\"height\":417,\"caption\":\"Hotel Windsor Tossa de Mar - Adults Only +16\"},\"image\":{\"@id\":\"https:\/\/www.hotelwindsortossa.es\/fr\/#\/schema\/logo\/image\/\"}}]}<\/script>\r\n<!-- \/ Yoast SEO plugin. -->","yoast_head_json":{"title":"Contact - Hotel Windsor Tossa de Mar - Adults Only +16","description":"N'h\u00e9sitez pas \u00e0 nous contacter pour toute question ou demande concernant l'h\u00f4tel Windsor \u00e0 Tossa de Mar.","robots":{"index":"index","follow":"follow","max-snippet":"max-snippet:-1","max-image-preview":"max-image-preview:large","max-video-preview":"max-video-preview:-1"},"canonical":"https:\/\/www.hotelwindsortossa.es\/fr\/contact\/","og_locale":"fr_FR","og_type":"article","og_title":"Contact - Hotel Windsor Tossa de Mar - Adults Only +16","og_description":"N'h\u00e9sitez pas \u00e0 nous contacter pour toute question ou demande concernant l'h\u00f4tel Windsor \u00e0 Tossa de Mar.","og_url":"https:\/\/www.hotelwindsortossa.es\/fr\/contact\/","og_site_name":"Hotel Windsor Tossa de Mar - Adults Only +16","article_modified_time":"2026-02-27T10:15:08+00:00","twitter_card":"summary_large_image","schema":{"@context":"https:\/\/schema.org","@graph":[{"@type":"WebPage","@id":"https:\/\/www.hotelwindsortossa.es\/fr\/contact\/","url":"https:\/\/www.hotelwindsortossa.es\/fr\/contact\/","name":"Contact - Hotel Windsor Tossa de Mar - Adults Only +16","isPartOf":{"@id":"https:\/\/www.hotelwindsortossa.es\/fr\/#website"},"datePublished":"2022-04-04T10:18:12+00:00","dateModified":"2026-02-27T10:15:08+00:00","description":"N'h\u00e9sitez pas \u00e0 nous contacter pour toute question ou demande concernant l'h\u00f4tel Windsor \u00e0 Tossa de Mar.","breadcrumb":{"@id":"https:\/\/www.hotelwindsortossa.es\/fr\/contact\/#breadcrumb"},"inLanguage":"fr-FR","potentialAction":[{"@type":"ReadAction","target":["https:\/\/www.hotelwindsortossa.es\/fr\/contact\/"]}]},{"@type":"BreadcrumbList","@id":"https:\/\/www.hotelwindsortossa.es\/fr\/contact\/#breadcrumb","itemListElement":[{"@type":"ListItem","position":1,"name":"Hotel Windsor Tossa","item":"https:\/\/www.hotelwindsortossa.es\/fr\/accueil\/"},{"@type":"ListItem","position":2,"name":"Contact"}]},{"@type":"WebSite","@id":"https:\/\/www.hotelwindsortossa.es\/fr\/#website","url":"https:\/\/www.hotelwindsortossa.es\/fr\/","name":"Hotel Windsor Tossa de Mar - Adults Only +16","description":"Hotel en Tossa de Mar","publisher":{"@id":"https:\/\/www.hotelwindsortossa.es\/fr\/#organization"},"potentialAction":[{"@type":"SearchAction","target":{"@type":"EntryPoint","urlTemplate":"https:\/\/www.hotelwindsortossa.es\/fr\/?s={search_term_string}"},"query-input":{"@type":"PropertyValueSpecification","valueRequired":true,"valueName":"search_term_string"}}],"inLanguage":"fr-FR"},{"@type":"Organization","@id":"https:\/\/www.hotelwindsortossa.es\/fr\/#organization","name":"Hotel Windsor Tossa de Mar - Adults Only +16","url":"https:\/\/www.hotelwindsortossa.es\/fr\/","logo":{"@type":"ImageObject","inLanguage":"fr-FR","@id":"https:\/\/www.hotelwindsortossa.es\/fr\/#\/schema\/logo\/image\/","url":"https:\/\/www.hotelwindsortossa.es\/wp-content\/uploads\/2025\/05\/HotelWindsor15_Tossa-de-Mar_BLANCO.png","contentUrl":"https:\/\/www.hotelwindsortossa.es\/wp-content\/uploads\/2025\/05\/HotelWindsor15_Tossa-de-Mar_BLANCO.png","width":969,"height":417,"caption":"Hotel Windsor Tossa de Mar - Adults Only +16"},"image":{"@id":"https:\/\/www.hotelwindsortossa.es\/fr\/#\/schema\/logo\/image\/"}}]}},"_links":{"self":[{"href":"https:\/\/www.hotelwindsortossa.es\/fr\/wp-json\/wp\/v2\/pages\/2592","targetHints":{"allow":["GET"]}}],"collection":[{"href":"https:\/\/www.hotelwindsortossa.es\/fr\/wp-json\/wp\/v2\/pages"}],"about":[{"href":"https:\/\/www.hotelwindsortossa.es\/fr\/wp-json\/wp\/v2\/types\/page"}],"author":[{"embeddable":true,"href":"https:\/\/www.hotelwindsortossa.es\/fr\/wp-json\/wp\/v2\/users\/2"}],"replies":[{"embeddable":true,"href":"https:\/\/www.hotelwindsortossa.es\/fr\/wp-json\/wp\/v2\/comments?post=2592"}],"version-history":[{"count":3,"href":"https:\/\/www.hotelwindsortossa.es\/fr\/wp-json\/wp\/v2\/pages\/2592\/revisions"}],"predecessor-version":[{"id":5266,"href":"https:\/\/www.hotelwindsortossa.es\/fr\/wp-json\/wp\/v2\/pages\/2592\/revisions\/5266"}],"wp:attachment":[{"href":"https:\/\/www.hotelwindsortossa.es\/fr\/wp-json\/wp\/v2\/media?parent=2592"}],"curies":[{"name":"wp","href":"https:\/\/api.w.org\/{rel}","templated":true}]}}