{"id":5188,"date":"2026-02-19T16:50:38","date_gmt":"2026-02-19T16:50:38","guid":{"rendered":"https:\/\/www.hotelwindsortossa.es\/qui-sommes-nous\/"},"modified":"2026-02-19T17:03:24","modified_gmt":"2026-02-19T17:03:24","slug":"qui-sommes-nous","status":"publish","type":"page","link":"https:\/\/www.hotelwindsortossa.es\/fr\/qui-sommes-nous\/","title":{"rendered":"Qui sommes-nous ?"},"content":{"rendered":"\t\t<div data-elementor-type=\"wp-page\" data-elementor-id=\"5188\" class=\"elementor elementor-5188 elementor-5169\" data-elementor-post-type=\"page\">\n\t\t\t\t<div class=\"elementor-element elementor-element-18bf7cf e-flex e-con-boxed e-con e-parent\" data-id=\"18bf7cf\" data-element_type=\"container\" data-e-type=\"container\">\n\t\t\t\t\t<div class=\"e-con-inner\">\n\t\t\t\t<div class=\"elementor-element elementor-element-fa2afb7 elementor-widget elementor-widget-heading\" data-id=\"fa2afb7\" data-element_type=\"widget\" data-e-type=\"widget\" data-widget_type=\"heading.default\">\n\t\t\t\t<div class=\"elementor-widget-container\">\n\t\t\t\t\t<h1 class=\"elementor-heading-title elementor-size-default\">Qui sommes-nous ?<\/h1>\t\t\t\t<\/div>\n\t\t\t\t<\/div>\n\t\t\t\t<div class=\"elementor-element elementor-element-e3a3fca elementor-widget elementor-widget-text-editor\" data-id=\"e3a3fca\" data-element_type=\"widget\" data-e-type=\"widget\" data-widget_type=\"text-editor.default\">\n\t\t\t\t<div class=\"elementor-widget-container\">\n\t\t\t\t\t\t\t\t\t<p>L&rsquo;h\u00f4tel Windsor est plus qu&rsquo;un simple h\u00e9bergement : c&rsquo;est une exp\u00e9rience intime et chaleureuse au c\u0153ur de Tossa de Mar. Nous sommes un h\u00f4tel r\u00e9serv\u00e9 aux adultes, g\u00e9r\u00e9 \u00e0 100 % par une famille, avec une histoire qui s&rsquo;\u00e9tend sur quatre g\u00e9n\u00e9rations. Cette histoire nous a permis d&rsquo;\u00e9voluer sans perdre notre essence : un accueil chaleureux, honn\u00eate et soign\u00e9 dans les moindres d\u00e9tails.  <\/p>\t\t\t\t\t\t\t\t<\/div>\n\t\t\t\t<\/div>\n\t\t<div class=\"elementor-element elementor-element-2580c9b e-con-full e-flex e-con e-child\" data-id=\"2580c9b\" data-element_type=\"container\" data-e-type=\"container\">\n\t\t\t\t<div class=\"elementor-element elementor-element-175a99b elementor-widget__width-initial elementor-widget-tablet__width-initial elementor-widget-mobile__width-inherit elementor-widget elementor-widget-image\" data-id=\"175a99b\" data-element_type=\"widget\" data-e-type=\"widget\" data-widget_type=\"image.default\">\n\t\t\t\t<div class=\"elementor-widget-container\">\n\t\t\t\t\t\t\t\t\t\t\t\t\t\t\t<img fetchpriority=\"high\" decoding=\"async\" width=\"800\" height=\"802\" src=\"https:\/\/www.hotelwindsortossa.es\/wp-content\/uploads\/2026\/02\/img189-1.jpg\" class=\"attachment-large size-large wp-image-5186\" alt=\"\" srcset=\"https:\/\/www.hotelwindsortossa.es\/wp-content\/uploads\/2026\/02\/img189-1.jpg 1021w, https:\/\/www.hotelwindsortossa.es\/wp-content\/uploads\/2026\/02\/img189-1-300x300.jpg 300w, https:\/\/www.hotelwindsortossa.es\/wp-content\/uploads\/2026\/02\/img189-1-150x150.jpg 150w, https:\/\/www.hotelwindsortossa.es\/wp-content\/uploads\/2026\/02\/img189-1-768x770.jpg 768w\" sizes=\"(max-width: 800px) 100vw, 800px\" \/>\t\t\t\t\t\t\t\t\t\t\t\t\t\t\t<\/div>\n\t\t\t\t<\/div>\n\t\t\t\t<div class=\"elementor-element elementor-element-5f89c00 elementor-widget elementor-widget-text-editor\" data-id=\"5f89c00\" data-element_type=\"widget\" data-e-type=\"widget\" data-widget_type=\"text-editor.default\">\n\t\t\t\t<div class=\"elementor-widget-container\">\n\t\t\t\t\t\t\t\t\t<p>Nous conservons le nom historique qui fait partie de l&rsquo;identit\u00e9 du village et l&rsquo;accompagnons d&rsquo;un concept actuel, calme et \u00e9l\u00e9gant. Les espaces sont con\u00e7us pour transmettre le calme, avec une d\u00e9coration soign\u00e9e, des mat\u00e9riaux naturels et une ambiance qui invite \u00e0 la d\u00e9connexion. Ici, le luxe n&rsquo;est pas ostentatoire : il s&rsquo;agit de se sentir \u00e0 l&rsquo;aise, \u00e9cout\u00e9 et confortable.  <\/p><p>\u00c0 l&rsquo;h\u00f4tel Windsor, les clients ne sont pas seulement des clients, ils font partie de la maison. Nous misons sur un service personnalis\u00e9, bas\u00e9 sur la proximit\u00e9, la qualit\u00e9 et le travail d&rsquo;\u00e9quipe, o\u00f9 conna\u00eetre les pr\u00e9f\u00e9rences de chaque personne fait la diff\u00e9rence. Tout cela, avec un engagement ferme en faveur de la durabilit\u00e9 et du respect de l&rsquo;environnement, car nous croyons en une fa\u00e7on de faire les choses consciente, humaine et authentique.  <\/p>\t\t\t\t\t\t\t\t<\/div>\n\t\t\t\t<\/div>\n\t\t\t\t<\/div>\n\t\t\t\t<div class=\"elementor-element elementor-element-4f88e2e elementor-widget elementor-widget-image\" data-id=\"4f88e2e\" data-element_type=\"widget\" data-e-type=\"widget\" data-widget_type=\"image.default\">\n\t\t\t\t<div class=\"elementor-widget-container\">\n\t\t\t\t\t\t\t\t\t\t\t\t\t\t\t<img decoding=\"async\" width=\"800\" height=\"359\" src=\"https:\/\/www.hotelwindsortossa.es\/wp-content\/uploads\/2026\/02\/img190-1024x459.jpg\" class=\"attachment-large size-large wp-image-5187\" alt=\"\" srcset=\"https:\/\/www.hotelwindsortossa.es\/wp-content\/uploads\/2026\/02\/img190-1024x459.jpg 1024w, https:\/\/www.hotelwindsortossa.es\/wp-content\/uploads\/2026\/02\/img190-300x135.jpg 300w, https:\/\/www.hotelwindsortossa.es\/wp-content\/uploads\/2026\/02\/img190-768x345.jpg 768w, https:\/\/www.hotelwindsortossa.es\/wp-content\/uploads\/2026\/02\/img190-1536x689.jpg 1536w, https:\/\/www.hotelwindsortossa.es\/wp-content\/uploads\/2026\/02\/img190.jpg 1950w\" sizes=\"(max-width: 800px) 100vw, 800px\" \/>\t\t\t\t\t\t\t\t\t\t\t\t\t\t\t<\/div>\n\t\t\t\t<\/div>\n\t\t\t\t\t<\/div>\n\t\t\t\t<\/div>\n\t\t\t\t<\/div>\n\t\t","protected":false},"excerpt":{"rendered":"<p>Qui sommes-nous ? L&rsquo;h\u00f4tel Windsor est plus qu&rsquo;un simple h\u00e9bergement : c&rsquo;est une exp\u00e9rience intime et chaleureuse au c\u0153ur de Tossa de Mar. Nous sommes un h\u00f4tel r\u00e9serv\u00e9 aux adultes, g\u00e9r\u00e9 \u00e0 100 % par une famille, avec une histoire qui s&rsquo;\u00e9tend sur quatre g\u00e9n\u00e9rations. Cette histoire nous a permis d&rsquo;\u00e9voluer sans perdre notre essence [&hellip;]<\/p>\n","protected":false},"author":4,"featured_media":0,"parent":0,"menu_order":0,"comment_status":"closed","ping_status":"closed","template":"","meta":{"footnotes":""},"class_list":["post-5188","page","type-page","status-publish","hentry"],"yoast_head":"<!-- This site is optimized with the Yoast SEO plugin v26.9 - https:\/\/yoast.com\/product\/yoast-seo-wordpress\/ -->\r\n<title>Qui sommes-nous ? - Hotel Windsor Tossa de Mar - Adults Only +16<\/title>\r\n<meta name=\"robots\" content=\"index, follow, max-snippet:-1, max-image-preview:large, max-video-preview:-1\" \/>\r\n<link rel=\"canonical\" href=\"https:\/\/www.hotelwindsortossa.es\/fr\/qui-sommes-nous\/\" \/>\r\n<meta property=\"og:locale\" content=\"fr_FR\" \/>\r\n<meta property=\"og:type\" content=\"article\" \/>\r\n<meta property=\"og:title\" content=\"Qui sommes-nous ? - Hotel Windsor Tossa de Mar - Adults Only +16\" \/>\r\n<meta property=\"og:description\" content=\"Qui sommes-nous ? L&rsquo;h\u00f4tel Windsor est plus qu&rsquo;un simple h\u00e9bergement : c&rsquo;est une exp\u00e9rience intime et chaleureuse au c\u0153ur de Tossa de Mar. Nous sommes un h\u00f4tel r\u00e9serv\u00e9 aux adultes, g\u00e9r\u00e9 \u00e0 100 % par une famille, avec une histoire qui s&rsquo;\u00e9tend sur quatre g\u00e9n\u00e9rations. Cette histoire nous a permis d&rsquo;\u00e9voluer sans perdre notre essence [&hellip;]\" \/>\r\n<meta property=\"og:url\" content=\"https:\/\/www.hotelwindsortossa.es\/fr\/qui-sommes-nous\/\" \/>\r\n<meta property=\"og:site_name\" content=\"Hotel Windsor Tossa de Mar - Adults Only +16\" \/>\r\n<meta property=\"article:modified_time\" content=\"2026-02-19T17:03:24+00:00\" \/>\r\n<meta property=\"og:image\" content=\"https:\/\/www.hotelwindsortossa.es\/wp-content\/uploads\/2026\/02\/img189-1.jpg\" \/>\r\n\t<meta property=\"og:image:width\" content=\"1021\" \/>\r\n\t<meta property=\"og:image:height\" content=\"1024\" \/>\r\n\t<meta property=\"og:image:type\" content=\"image\/jpeg\" \/>\r\n<meta name=\"twitter:card\" content=\"summary_large_image\" \/>\r\n<meta name=\"twitter:label1\" content=\"Dur\u00e9e de lecture estim\u00e9e\" \/>\n\t<meta name=\"twitter:data1\" content=\"1 minute\" \/>\r\n<script type=\"application\/ld+json\" class=\"yoast-schema-graph\">{\"@context\":\"https:\/\/schema.org\",\"@graph\":[{\"@type\":\"WebPage\",\"@id\":\"https:\/\/www.hotelwindsortossa.es\/fr\/qui-sommes-nous\/\",\"url\":\"https:\/\/www.hotelwindsortossa.es\/fr\/qui-sommes-nous\/\",\"name\":\"Qui sommes-nous ? - Hotel Windsor Tossa de Mar - Adults Only +16\",\"isPartOf\":{\"@id\":\"https:\/\/www.hotelwindsortossa.es\/fr\/#website\"},\"primaryImageOfPage\":{\"@id\":\"https:\/\/www.hotelwindsortossa.es\/fr\/qui-sommes-nous\/#primaryimage\"},\"image\":{\"@id\":\"https:\/\/www.hotelwindsortossa.es\/fr\/qui-sommes-nous\/#primaryimage\"},\"thumbnailUrl\":\"https:\/\/www.hotelwindsortossa.es\/wp-content\/uploads\/2026\/02\/img189-1.jpg\",\"datePublished\":\"2026-02-19T16:50:38+00:00\",\"dateModified\":\"2026-02-19T17:03:24+00:00\",\"breadcrumb\":{\"@id\":\"https:\/\/www.hotelwindsortossa.es\/fr\/qui-sommes-nous\/#breadcrumb\"},\"inLanguage\":\"fr-FR\",\"potentialAction\":[{\"@type\":\"ReadAction\",\"target\":[\"https:\/\/www.hotelwindsortossa.es\/fr\/qui-sommes-nous\/\"]}]},{\"@type\":\"ImageObject\",\"inLanguage\":\"fr-FR\",\"@id\":\"https:\/\/www.hotelwindsortossa.es\/fr\/qui-sommes-nous\/#primaryimage\",\"url\":\"https:\/\/www.hotelwindsortossa.es\/wp-content\/uploads\/2026\/02\/img189-1.jpg\",\"contentUrl\":\"https:\/\/www.hotelwindsortossa.es\/wp-content\/uploads\/2026\/02\/img189-1.jpg\"},{\"@type\":\"BreadcrumbList\",\"@id\":\"https:\/\/www.hotelwindsortossa.es\/fr\/qui-sommes-nous\/#breadcrumb\",\"itemListElement\":[{\"@type\":\"ListItem\",\"position\":1,\"name\":\"Hotel Windsor Tossa\",\"item\":\"https:\/\/www.hotelwindsortossa.es\/fr\/accueil\/\"},{\"@type\":\"ListItem\",\"position\":2,\"name\":\"Qui sommes-nous ?\"}]},{\"@type\":\"WebSite\",\"@id\":\"https:\/\/www.hotelwindsortossa.es\/fr\/#website\",\"url\":\"https:\/\/www.hotelwindsortossa.es\/fr\/\",\"name\":\"Hotel Windsor Tossa de Mar - Adults Only +16\",\"description\":\"Hotel en Tossa de Mar\",\"publisher\":{\"@id\":\"https:\/\/www.hotelwindsortossa.es\/fr\/#organization\"},\"potentialAction\":[{\"@type\":\"SearchAction\",\"target\":{\"@type\":\"EntryPoint\",\"urlTemplate\":\"https:\/\/www.hotelwindsortossa.es\/fr\/?s={search_term_string}\"},\"query-input\":{\"@type\":\"PropertyValueSpecification\",\"valueRequired\":true,\"valueName\":\"search_term_string\"}}],\"inLanguage\":\"fr-FR\"},{\"@type\":\"Organization\",\"@id\":\"https:\/\/www.hotelwindsortossa.es\/fr\/#organization\",\"name\":\"Hotel Windsor Tossa de Mar - Adults Only +16\",\"url\":\"https:\/\/www.hotelwindsortossa.es\/fr\/\",\"logo\":{\"@type\":\"ImageObject\",\"inLanguage\":\"fr-FR\",\"@id\":\"https:\/\/www.hotelwindsortossa.es\/fr\/#\/schema\/logo\/image\/\",\"url\":\"https:\/\/www.hotelwindsortossa.es\/wp-content\/uploads\/2025\/05\/HotelWindsor15_Tossa-de-Mar_BLANCO.png\",\"contentUrl\":\"https:\/\/www.hotelwindsortossa.es\/wp-content\/uploads\/2025\/05\/HotelWindsor15_Tossa-de-Mar_BLANCO.png\",\"width\":969,\"height\":417,\"caption\":\"Hotel Windsor Tossa de Mar - Adults Only +16\"},\"image\":{\"@id\":\"https:\/\/www.hotelwindsortossa.es\/fr\/#\/schema\/logo\/image\/\"}}]}<\/script>\r\n<!-- \/ Yoast SEO plugin. -->","yoast_head_json":{"title":"Qui sommes-nous ? - Hotel Windsor Tossa de Mar - Adults Only +16","robots":{"index":"index","follow":"follow","max-snippet":"max-snippet:-1","max-image-preview":"max-image-preview:large","max-video-preview":"max-video-preview:-1"},"canonical":"https:\/\/www.hotelwindsortossa.es\/fr\/qui-sommes-nous\/","og_locale":"fr_FR","og_type":"article","og_title":"Qui sommes-nous ? - Hotel Windsor Tossa de Mar - Adults Only +16","og_description":"Qui sommes-nous ? L&rsquo;h\u00f4tel Windsor est plus qu&rsquo;un simple h\u00e9bergement : c&rsquo;est une exp\u00e9rience intime et chaleureuse au c\u0153ur de Tossa de Mar. Nous sommes un h\u00f4tel r\u00e9serv\u00e9 aux adultes, g\u00e9r\u00e9 \u00e0 100 % par une famille, avec une histoire qui s&rsquo;\u00e9tend sur quatre g\u00e9n\u00e9rations. Cette histoire nous a permis d&rsquo;\u00e9voluer sans perdre notre essence [&hellip;]","og_url":"https:\/\/www.hotelwindsortossa.es\/fr\/qui-sommes-nous\/","og_site_name":"Hotel Windsor Tossa de Mar - Adults Only +16","article_modified_time":"2026-02-19T17:03:24+00:00","og_image":[{"width":1021,"height":1024,"url":"https:\/\/www.hotelwindsortossa.es\/wp-content\/uploads\/2026\/02\/img189-1.jpg","type":"image\/jpeg"}],"twitter_card":"summary_large_image","twitter_misc":{"Dur\u00e9e de lecture estim\u00e9e":"1 minute"},"schema":{"@context":"https:\/\/schema.org","@graph":[{"@type":"WebPage","@id":"https:\/\/www.hotelwindsortossa.es\/fr\/qui-sommes-nous\/","url":"https:\/\/www.hotelwindsortossa.es\/fr\/qui-sommes-nous\/","name":"Qui sommes-nous ? - Hotel Windsor Tossa de Mar - Adults Only +16","isPartOf":{"@id":"https:\/\/www.hotelwindsortossa.es\/fr\/#website"},"primaryImageOfPage":{"@id":"https:\/\/www.hotelwindsortossa.es\/fr\/qui-sommes-nous\/#primaryimage"},"image":{"@id":"https:\/\/www.hotelwindsortossa.es\/fr\/qui-sommes-nous\/#primaryimage"},"thumbnailUrl":"https:\/\/www.hotelwindsortossa.es\/wp-content\/uploads\/2026\/02\/img189-1.jpg","datePublished":"2026-02-19T16:50:38+00:00","dateModified":"2026-02-19T17:03:24+00:00","breadcrumb":{"@id":"https:\/\/www.hotelwindsortossa.es\/fr\/qui-sommes-nous\/#breadcrumb"},"inLanguage":"fr-FR","potentialAction":[{"@type":"ReadAction","target":["https:\/\/www.hotelwindsortossa.es\/fr\/qui-sommes-nous\/"]}]},{"@type":"ImageObject","inLanguage":"fr-FR","@id":"https:\/\/www.hotelwindsortossa.es\/fr\/qui-sommes-nous\/#primaryimage","url":"https:\/\/www.hotelwindsortossa.es\/wp-content\/uploads\/2026\/02\/img189-1.jpg","contentUrl":"https:\/\/www.hotelwindsortossa.es\/wp-content\/uploads\/2026\/02\/img189-1.jpg"},{"@type":"BreadcrumbList","@id":"https:\/\/www.hotelwindsortossa.es\/fr\/qui-sommes-nous\/#breadcrumb","itemListElement":[{"@type":"ListItem","position":1,"name":"Hotel Windsor Tossa","item":"https:\/\/www.hotelwindsortossa.es\/fr\/accueil\/"},{"@type":"ListItem","position":2,"name":"Qui sommes-nous ?"}]},{"@type":"WebSite","@id":"https:\/\/www.hotelwindsortossa.es\/fr\/#website","url":"https:\/\/www.hotelwindsortossa.es\/fr\/","name":"Hotel Windsor Tossa de Mar - Adults Only +16","description":"Hotel en Tossa de Mar","publisher":{"@id":"https:\/\/www.hotelwindsortossa.es\/fr\/#organization"},"potentialAction":[{"@type":"SearchAction","target":{"@type":"EntryPoint","urlTemplate":"https:\/\/www.hotelwindsortossa.es\/fr\/?s={search_term_string}"},"query-input":{"@type":"PropertyValueSpecification","valueRequired":true,"valueName":"search_term_string"}}],"inLanguage":"fr-FR"},{"@type":"Organization","@id":"https:\/\/www.hotelwindsortossa.es\/fr\/#organization","name":"Hotel Windsor Tossa de Mar - Adults Only +16","url":"https:\/\/www.hotelwindsortossa.es\/fr\/","logo":{"@type":"ImageObject","inLanguage":"fr-FR","@id":"https:\/\/www.hotelwindsortossa.es\/fr\/#\/schema\/logo\/image\/","url":"https:\/\/www.hotelwindsortossa.es\/wp-content\/uploads\/2025\/05\/HotelWindsor15_Tossa-de-Mar_BLANCO.png","contentUrl":"https:\/\/www.hotelwindsortossa.es\/wp-content\/uploads\/2025\/05\/HotelWindsor15_Tossa-de-Mar_BLANCO.png","width":969,"height":417,"caption":"Hotel Windsor Tossa de Mar - Adults Only +16"},"image":{"@id":"https:\/\/www.hotelwindsortossa.es\/fr\/#\/schema\/logo\/image\/"}}]}},"_links":{"self":[{"href":"https:\/\/www.hotelwindsortossa.es\/fr\/wp-json\/wp\/v2\/pages\/5188","targetHints":{"allow":["GET"]}}],"collection":[{"href":"https:\/\/www.hotelwindsortossa.es\/fr\/wp-json\/wp\/v2\/pages"}],"about":[{"href":"https:\/\/www.hotelwindsortossa.es\/fr\/wp-json\/wp\/v2\/types\/page"}],"author":[{"embeddable":true,"href":"https:\/\/www.hotelwindsortossa.es\/fr\/wp-json\/wp\/v2\/users\/4"}],"replies":[{"embeddable":true,"href":"https:\/\/www.hotelwindsortossa.es\/fr\/wp-json\/wp\/v2\/comments?post=5188"}],"version-history":[{"count":1,"href":"https:\/\/www.hotelwindsortossa.es\/fr\/wp-json\/wp\/v2\/pages\/5188\/revisions"}],"predecessor-version":[{"id":5189,"href":"https:\/\/www.hotelwindsortossa.es\/fr\/wp-json\/wp\/v2\/pages\/5188\/revisions\/5189"}],"wp:attachment":[{"href":"https:\/\/www.hotelwindsortossa.es\/fr\/wp-json\/wp\/v2\/media?parent=5188"}],"curies":[{"name":"wp","href":"https:\/\/api.w.org\/{rel}","templated":true}]}}